{"id":41,"date":"2025-11-07T12:12:02","date_gmt":"2025-11-07T11:12:02","guid":{"rendered":"https:\/\/boixmotos.com\/contact\/"},"modified":"2026-01-23T13:36:17","modified_gmt":"2026-01-23T12:36:17","slug":"contact","status":"publish","type":"page","link":"https:\/\/boixmotos.com\/ca\/contact\/","title":{"rendered":"Contacte"},"content":{"rendered":"<div class=\"wp-block-group alignfull is-style-default has-global-padding is-content-justification-center is-layout-constrained wp-block-group-is-layout-constrained\" id=\"page-title-section\" style=\"margin-top:0;margin-bottom:0;padding-top:var(--wp--preset--spacing--40);padding-bottom:var(--wp--preset--spacing--40)\">\n<div class=\"wp-block-columns alignwide is-layout-flex wp-container-core-columns-is-layout-a2e1813e wp-block-columns-is-layout-flex\">\n<div class=\"wp-block-column is-vertically-aligned-center has-global-padding is-content-justification-left is-layout-constrained wp-container-core-column-is-layout-a580ebe5 wp-block-column-is-layout-constrained\">\n<h2 class=\"wp-block-heading has-xx-large-font-size\">Contacta amb nostraltres<\/h2>\n\n\n\n<p class=\"has-medium-font-size wp-block-paragraph\">Vols mantenir la teva motocicleta en perfecte estat? Visita'ns en el nostre taller de motos per a serveis personalitzats i reparacions professionals. Aqu\u00ed podr\u00e0s agendar les teves consultes i con\u00e8ixer la nostra ubicaci\u00f3 per a venir quan ho necessitis.<\/p>\n<\/div>\n\n\n\n<div class=\"wp-block-column is-vertically-aligned-bottom is-layout-flow wp-block-column-is-layout-flow\">\n<figure class=\"wp-block-image size-full\"><img data-recalc-dims=\"1\" loading=\"lazy\" decoding=\"async\" width=\"1536\" height=\"1536\" data-attachment-id=\"536\" data-permalink=\"https:\/\/boixmotos.com\/ca\/img_8455-2\/\" data-orig-file=\"https:\/\/i0.wp.com\/boixmotos.com\/wp-content\/uploads\/2025\/11\/IMG_8455-edited.jpeg?fit=1536%2C1536&amp;ssl=1\" data-orig-size=\"1536,1536\" data-comments-opened=\"1\" data-image-meta=\"{&quot;aperture&quot;:&quot;1.78&quot;,&quot;credit&quot;:&quot;&quot;,&quot;camera&quot;:&quot;iPhone 15 Pro&quot;,&quot;caption&quot;:&quot;&quot;,&quot;created_timestamp&quot;:&quot;1739794241&quot;,&quot;copyright&quot;:&quot;&quot;,&quot;focal_length&quot;:&quot;6.7649998656528&quot;,&quot;iso&quot;:&quot;100&quot;,&quot;shutter_speed&quot;:&quot;0.02&quot;,&quot;title&quot;:&quot;&quot;,&quot;orientation&quot;:&quot;1&quot;}\" data-image-title=\"IMG_8455\" data-image-description=\"\" data-image-caption=\"\" data-large-file=\"https:\/\/i0.wp.com\/boixmotos.com\/wp-content\/uploads\/2025\/11\/IMG_8455-edited.jpeg?fit=1024%2C1024&amp;ssl=1\" src=\"https:\/\/i0.wp.com\/boixmotos.com\/wp-content\/uploads\/2025\/11\/IMG_8455-edited.jpeg?resize=1536%2C1536&#038;ssl=1\" alt=\"\" class=\"wp-image-536\" style=\"aspect-ratio:1;object-fit:cover\" srcset=\"https:\/\/i0.wp.com\/boixmotos.com\/wp-content\/uploads\/2025\/11\/IMG_8455-edited.jpeg?w=1536&amp;ssl=1 1536w, https:\/\/i0.wp.com\/boixmotos.com\/wp-content\/uploads\/2025\/11\/IMG_8455-edited.jpeg?resize=300%2C300&amp;ssl=1 300w, https:\/\/i0.wp.com\/boixmotos.com\/wp-content\/uploads\/2025\/11\/IMG_8455-edited.jpeg?resize=1024%2C1024&amp;ssl=1 1024w, https:\/\/i0.wp.com\/boixmotos.com\/wp-content\/uploads\/2025\/11\/IMG_8455-edited.jpeg?resize=150%2C150&amp;ssl=1 150w, https:\/\/i0.wp.com\/boixmotos.com\/wp-content\/uploads\/2025\/11\/IMG_8455-edited.jpeg?resize=768%2C768&amp;ssl=1 768w, https:\/\/i0.wp.com\/boixmotos.com\/wp-content\/uploads\/2025\/11\/IMG_8455-edited.jpeg?resize=1200%2C1200&amp;ssl=1 1200w, https:\/\/i0.wp.com\/boixmotos.com\/wp-content\/uploads\/2025\/11\/IMG_8455-edited.jpeg?resize=800%2C800&amp;ssl=1 800w, https:\/\/i0.wp.com\/boixmotos.com\/wp-content\/uploads\/2025\/11\/IMG_8455-edited.jpeg?resize=600%2C600&amp;ssl=1 600w, https:\/\/i0.wp.com\/boixmotos.com\/wp-content\/uploads\/2025\/11\/IMG_8455-edited.jpeg?resize=400%2C400&amp;ssl=1 400w, https:\/\/i0.wp.com\/boixmotos.com\/wp-content\/uploads\/2025\/11\/IMG_8455-edited.jpeg?resize=200%2C200&amp;ssl=1 200w\" sizes=\"auto, (max-width: 1000px) 100vw, 1000px\" \/><\/figure>\n<\/div>\n<\/div>\n<\/div>\n\n\n\n<div class=\"wp-block-group alignfull is-style-section-2 has-global-padding is-layout-constrained wp-container-core-group-is-layout-39e4eec7 wp-block-group-is-layout-constrained is-style-section-2--1\" id=\"contacto\" style=\"padding-top:var(--wp--preset--spacing--50);padding-bottom:var(--wp--preset--spacing--40)\">\n<div class=\"wp-block-group alignfull has-global-padding is-layout-constrained wp-container-core-group-is-layout-28238a86 wp-block-group-is-layout-constrained\">\n<p class=\"has-medium-font-size wp-block-paragraph\">Omple el formulari i ens posarem en contacte amb tu al m\u00e9s aviat possible.<\/p>\n\n\n\n<script src=\"https:\/\/js-eu1.hsforms.net\/forms\/embed\/147291301.js\" defer><\/script>\n<div class=\"hs-form-frame\" data-region=\"eu1\" data-form-id=\"bafdce65-c1d4-4df6-bec6-a05b00898c34\" data-portal-id=\"147291301\"><\/div>\n<\/div>\n\n\n\n<div class=\"wp-block-group alignfull has-background-color has-foreground-background-color has-text-color has-background has-link-color wp-elements-d64e375dd9d100992e73f7037ba8ca2b is-layout-flow wp-block-group-is-layout-flow\" style=\"padding-top:0;padding-right:var(--wp--preset--spacing--40);padding-bottom:0;padding-left:var(--wp--preset--spacing--40)\">\n<div class=\"wp-block-group is-layout-flow wp-block-group-is-layout-flow\" style=\"min-height:600px\">\n<div class=\"wp-block-jetpack-map is-style-satellite\" data-map-id=\"jp-map-2\" data-map-provider=\"mapkit\" data-api-key=\"pk.eyJ1IjoiYXV0b21hdHRpYyIsImEiOiJjazVpZjA5aWswYTFvM21sOWtzNW1rNG9lIn0.Gu-sp4wRxnnQB-Qa8CpuZQ\" data-map-style=\"satellite\" data-blog-id=\"249948915\"><ul><li><a href=\"https:\/\/www.google.com\/maps\/search\/?api=1&amp;query=41.5012399,2.1592299\">Carrer de Federico Garc\u00eda Lorca, 1, Ripollet, Barcelona, Espa\u00f1a<\/a><\/li><\/ul><\/div>\n<\/div>\n<\/div>\n<\/div>","protected":false},"excerpt":{"rendered":"<p>COntacta con nostros \u00bfQuieres mantener tu motocicleta en perfecto estado? Vis\u00edtanos en nuestro taller de motos para servicios personalizados y reparaciones profesionales. Aqu\u00ed podr\u00e1s agendar tus consultas y conocer nuestra ubicaci\u00f3n para venir cuando lo necesites. Llena el formulario y nos pondremos en contacto contigo lo antes posible.<\/p>","protected":false},"author":273543303,"featured_media":0,"parent":0,"menu_order":2,"comment_status":"closed","ping_status":"closed","template":"","meta":{"_acf_changed":false,"_crdt_document":"","wpupg_custom_link":[],"wpupg_custom_link_behaviour":[],"wpupg_custom_link_nofollow":[],"wpupg_custom_image":[],"wpupg_custom_image_id":[],"footnotes":"","big_sky_generated":true},"class_list":["post-41","page","type-page","status-publish","hentry"],"acf":[],"yoast_head":"<!-- This site is optimized with the Yoast SEO plugin v27.3 - https:\/\/yoast.com\/product\/yoast-seo-wordpress\/ -->\n<title>Contacto | Boix Motos<\/title>\n<meta name=\"description\" content=\"Ponte en contacto con Boix Motos en Ripollet para citas de taller, informaci\u00f3n sobre motos Zontes o consultas de mantenimiento.\" \/>\n<meta name=\"robots\" content=\"index, follow, max-snippet:-1, max-image-preview:large, max-video-preview:-1\" \/>\n<link rel=\"canonical\" href=\"https:\/\/boixmotos.com\/ca\/contact\/\" \/>\n<meta property=\"og:locale\" content=\"ca_ES\" \/>\n<meta property=\"og:type\" content=\"article\" \/>\n<meta property=\"og:title\" content=\"Contacto | Boix Motos\" \/>\n<meta property=\"og:description\" content=\"Ponte en contacto con Boix Motos en Ripollet para citas de taller, informaci\u00f3n sobre motos Zontes o consultas de mantenimiento.\" \/>\n<meta property=\"og:url\" content=\"https:\/\/boixmotos.com\/ca\/contact\/\" \/>\n<meta property=\"og:site_name\" content=\"Boix Motos\" \/>\n<meta property=\"article:modified_time\" content=\"2026-01-23T12:36:17+00:00\" \/>\n<meta property=\"og:image\" content=\"https:\/\/boixmotos.com\/wp-content\/uploads\/2025\/11\/IMG_8455-edited.jpeg\" \/>\n<meta name=\"twitter:card\" content=\"summary_large_image\" \/>\n<script type=\"application\/ld+json\" class=\"yoast-schema-graph\">{\"@context\":\"https:\\\/\\\/schema.org\",\"@graph\":[{\"@type\":[\"WebPage\",\"ContactPage\"],\"@id\":\"https:\\\/\\\/boixmotos.com\\\/contact\\\/\",\"url\":\"https:\\\/\\\/boixmotos.com\\\/contact\\\/\",\"name\":\"Contacto | Boix Motos\",\"isPartOf\":{\"@id\":\"https:\\\/\\\/boixmotos.com\\\/#website\"},\"primaryImageOfPage\":{\"@id\":\"https:\\\/\\\/boixmotos.com\\\/contact\\\/#primaryimage\"},\"image\":{\"@id\":\"https:\\\/\\\/boixmotos.com\\\/contact\\\/#primaryimage\"},\"thumbnailUrl\":\"https:\\\/\\\/boixmotos.com\\\/wp-content\\\/uploads\\\/2025\\\/11\\\/IMG_8455-edited.jpeg\",\"datePublished\":\"2025-11-07T11:12:02+00:00\",\"dateModified\":\"2026-01-23T12:36:17+00:00\",\"description\":\"Ponte en contacto con Boix Motos en Ripollet para citas de taller, informaci\u00f3n sobre motos Zontes o consultas de mantenimiento.\",\"breadcrumb\":{\"@id\":\"https:\\\/\\\/boixmotos.com\\\/contact\\\/#breadcrumb\"},\"inLanguage\":\"ca\",\"potentialAction\":[{\"@type\":\"ReadAction\",\"target\":[\"https:\\\/\\\/boixmotos.com\\\/contact\\\/\"]}]},{\"@type\":\"ImageObject\",\"inLanguage\":\"ca\",\"@id\":\"https:\\\/\\\/boixmotos.com\\\/contact\\\/#primaryimage\",\"url\":\"https:\\\/\\\/boixmotos.com\\\/wp-content\\\/uploads\\\/2025\\\/11\\\/IMG_8455-edited.jpeg\",\"contentUrl\":\"https:\\\/\\\/boixmotos.com\\\/wp-content\\\/uploads\\\/2025\\\/11\\\/IMG_8455-edited.jpeg\"},{\"@type\":\"BreadcrumbList\",\"@id\":\"https:\\\/\\\/boixmotos.com\\\/contact\\\/#breadcrumb\",\"itemListElement\":[{\"@type\":\"ListItem\",\"position\":1,\"name\":\"Portada\",\"item\":\"https:\\\/\\\/boixmotos.com\\\/\"},{\"@type\":\"ListItem\",\"position\":2,\"name\":\"Contacto\"}]},{\"@type\":\"WebSite\",\"@id\":\"https:\\\/\\\/boixmotos.com\\\/#website\",\"url\":\"https:\\\/\\\/boixmotos.com\\\/\",\"name\":\"Boix Motos\",\"description\":\"Taller especializado en reparaci\u00f3n y mantenimiento de motocicletas, ofreciendo servicios profesionales y personalizados para moteros de Barcelona.\",\"publisher\":{\"@id\":\"https:\\\/\\\/boixmotos.com\\\/#organization\"},\"potentialAction\":[{\"@type\":\"SearchAction\",\"target\":{\"@type\":\"EntryPoint\",\"urlTemplate\":\"https:\\\/\\\/boixmotos.com\\\/?s={search_term_string}\"},\"query-input\":{\"@type\":\"PropertyValueSpecification\",\"valueRequired\":true,\"valueName\":\"search_term_string\"}}],\"inLanguage\":\"ca\"},{\"@type\":\"Organization\",\"@id\":\"https:\\\/\\\/boixmotos.com\\\/#organization\",\"name\":\"Boix Motos SL\",\"url\":\"https:\\\/\\\/boixmotos.com\\\/\",\"logo\":{\"@type\":\"ImageObject\",\"inLanguage\":\"ca\",\"@id\":\"https:\\\/\\\/boixmotos.com\\\/#\\\/schema\\\/logo\\\/image\\\/\",\"url\":\"https:\\\/\\\/i0.wp.com\\\/boixmotos.com\\\/wp-content\\\/uploads\\\/2025\\\/11\\\/2006-07-11-19.51.00.jpg?fit=1975%2C1480&ssl=1\",\"contentUrl\":\"https:\\\/\\\/i0.wp.com\\\/boixmotos.com\\\/wp-content\\\/uploads\\\/2025\\\/11\\\/2006-07-11-19.51.00.jpg?fit=1975%2C1480&ssl=1\",\"width\":1975,\"height\":1480,\"caption\":\"Boix Motos SL\"},\"image\":{\"@id\":\"https:\\\/\\\/boixmotos.com\\\/#\\\/schema\\\/logo\\\/image\\\/\"},\"sameAs\":[\"https:\\\/\\\/www.instagram.com\\\/boix_motos\\\/\"]}]}<\/script>\n<!-- \/ Yoast SEO plugin. -->","yoast_head_json":{"title":"Contacto | Boix Motos","description":"Ponte en contacto con Boix Motos en Ripollet para citas de taller, informaci\u00f3n sobre motos Zontes o consultas de mantenimiento.","robots":{"index":"index","follow":"follow","max-snippet":"max-snippet:-1","max-image-preview":"max-image-preview:large","max-video-preview":"max-video-preview:-1"},"canonical":"https:\/\/boixmotos.com\/ca\/contact\/","og_locale":"ca_ES","og_type":"article","og_title":"Contacto | Boix Motos","og_description":"Ponte en contacto con Boix Motos en Ripollet para citas de taller, informaci\u00f3n sobre motos Zontes o consultas de mantenimiento.","og_url":"https:\/\/boixmotos.com\/ca\/contact\/","og_site_name":"Boix Motos","article_modified_time":"2026-01-23T12:36:17+00:00","og_image":[{"url":"https:\/\/boixmotos.com\/wp-content\/uploads\/2025\/11\/IMG_8455-edited.jpeg","type":"","width":"","height":""}],"twitter_card":"summary_large_image","schema":{"@context":"https:\/\/schema.org","@graph":[{"@type":["WebPage","ContactPage"],"@id":"https:\/\/boixmotos.com\/contact\/","url":"https:\/\/boixmotos.com\/contact\/","name":"Contacto | Boix Motos","isPartOf":{"@id":"https:\/\/boixmotos.com\/#website"},"primaryImageOfPage":{"@id":"https:\/\/boixmotos.com\/contact\/#primaryimage"},"image":{"@id":"https:\/\/boixmotos.com\/contact\/#primaryimage"},"thumbnailUrl":"https:\/\/boixmotos.com\/wp-content\/uploads\/2025\/11\/IMG_8455-edited.jpeg","datePublished":"2025-11-07T11:12:02+00:00","dateModified":"2026-01-23T12:36:17+00:00","description":"Ponte en contacto con Boix Motos en Ripollet para citas de taller, informaci\u00f3n sobre motos Zontes o consultas de mantenimiento.","breadcrumb":{"@id":"https:\/\/boixmotos.com\/contact\/#breadcrumb"},"inLanguage":"ca","potentialAction":[{"@type":"ReadAction","target":["https:\/\/boixmotos.com\/contact\/"]}]},{"@type":"ImageObject","inLanguage":"ca","@id":"https:\/\/boixmotos.com\/contact\/#primaryimage","url":"https:\/\/boixmotos.com\/wp-content\/uploads\/2025\/11\/IMG_8455-edited.jpeg","contentUrl":"https:\/\/boixmotos.com\/wp-content\/uploads\/2025\/11\/IMG_8455-edited.jpeg"},{"@type":"BreadcrumbList","@id":"https:\/\/boixmotos.com\/contact\/#breadcrumb","itemListElement":[{"@type":"ListItem","position":1,"name":"Portada","item":"https:\/\/boixmotos.com\/"},{"@type":"ListItem","position":2,"name":"Contacto"}]},{"@type":"WebSite","@id":"https:\/\/boixmotos.com\/#website","url":"https:\/\/boixmotos.com\/","name":"Boix Motos","description":"Taller especializado en reparaci\u00f3n y mantenimiento de motocicletas, ofreciendo servicios profesionales y personalizados para moteros de Barcelona.","publisher":{"@id":"https:\/\/boixmotos.com\/#organization"},"potentialAction":[{"@type":"SearchAction","target":{"@type":"EntryPoint","urlTemplate":"https:\/\/boixmotos.com\/?s={search_term_string}"},"query-input":{"@type":"PropertyValueSpecification","valueRequired":true,"valueName":"search_term_string"}}],"inLanguage":"ca"},{"@type":"Organization","@id":"https:\/\/boixmotos.com\/#organization","name":"Boix Motos SL","url":"https:\/\/boixmotos.com\/","logo":{"@type":"ImageObject","inLanguage":"ca","@id":"https:\/\/boixmotos.com\/#\/schema\/logo\/image\/","url":"https:\/\/i0.wp.com\/boixmotos.com\/wp-content\/uploads\/2025\/11\/2006-07-11-19.51.00.jpg?fit=1975%2C1480&ssl=1","contentUrl":"https:\/\/i0.wp.com\/boixmotos.com\/wp-content\/uploads\/2025\/11\/2006-07-11-19.51.00.jpg?fit=1975%2C1480&ssl=1","width":1975,"height":1480,"caption":"Boix Motos SL"},"image":{"@id":"https:\/\/boixmotos.com\/#\/schema\/logo\/image\/"},"sameAs":["https:\/\/www.instagram.com\/boix_motos\/"]}]}},"jetpack_likes_enabled":true,"jetpack_sharing_enabled":true,"jetpack_shortlink":"https:\/\/wp.me\/PgUL87-F","_links":{"self":[{"href":"https:\/\/boixmotos.com\/ca\/wp-json\/wp\/v2\/pages\/41","targetHints":{"allow":["GET"]}}],"collection":[{"href":"https:\/\/boixmotos.com\/ca\/wp-json\/wp\/v2\/pages"}],"about":[{"href":"https:\/\/boixmotos.com\/ca\/wp-json\/wp\/v2\/types\/page"}],"author":[{"embeddable":true,"href":"https:\/\/boixmotos.com\/ca\/wp-json\/wp\/v2\/users\/273543303"}],"replies":[{"embeddable":true,"href":"https:\/\/boixmotos.com\/ca\/wp-json\/wp\/v2\/comments?post=41"}],"version-history":[{"count":24,"href":"https:\/\/boixmotos.com\/ca\/wp-json\/wp\/v2\/pages\/41\/revisions"}],"predecessor-version":[{"id":1784,"href":"https:\/\/boixmotos.com\/ca\/wp-json\/wp\/v2\/pages\/41\/revisions\/1784"}],"wp:attachment":[{"href":"https:\/\/boixmotos.com\/ca\/wp-json\/wp\/v2\/media?parent=41"}],"curies":[{"name":"wp","href":"https:\/\/api.w.org\/{rel}","templated":true}]}}