{"id":1658,"date":"2026-01-17T11:57:46","date_gmt":"2026-01-17T10:57:46","guid":{"rendered":"https:\/\/boixmotos.com\/?page_id=1658"},"modified":"2026-01-17T11:57:47","modified_gmt":"2026-01-17T10:57:47","slug":"politica-de-privacidad","status":"publish","type":"page","link":"https:\/\/boixmotos.com\/ca\/politica-de-privacidad\/","title":{"rendered":"Pol\u00edtica de privacitat"},"content":{"rendered":"<div class=\"wp-block-cover alignfull header-cover is-style-section-1 wp-duotone-unset-2 is-style-section-1--1\" style=\"margin-top:0;margin-bottom:0;padding-top:0;padding-right:0;padding-bottom:0;padding-left:0;min-height:508px;aspect-ratio:unset;\"><img data-recalc-dims=\"1\" loading=\"lazy\" decoding=\"async\" width=\"3216\" height=\"2136\" data-attachment-id=\"105\" data-permalink=\"https:\/\/boixmotos.com\/ca\/2009-07-22-20-15-24\/\" data-orig-file=\"https:\/\/i0.wp.com\/boixmotos.com\/wp-content\/uploads\/2025\/11\/2009-07-22-20.15.24.jpg?fit=3216%2C2136&amp;ssl=1\" data-orig-size=\"3216,2136\" data-comments-opened=\"1\" data-image-meta=\"{&quot;aperture&quot;:&quot;5&quot;,&quot;credit&quot;:&quot;&quot;,&quot;camera&quot;:&quot;NIKON D300&quot;,&quot;caption&quot;:&quot;&quot;,&quot;created_timestamp&quot;:&quot;1248293724&quot;,&quot;copyright&quot;:&quot;&quot;,&quot;focal_length&quot;:&quot;22&quot;,&quot;iso&quot;:&quot;640&quot;,&quot;shutter_speed&quot;:&quot;0.01&quot;,&quot;title&quot;:&quot;&quot;,&quot;orientation&quot;:&quot;1&quot;}\" data-image-title=\"2009-07-22 20.15.24\" data-image-description=\"\" data-image-caption=\"\" data-large-file=\"https:\/\/i0.wp.com\/boixmotos.com\/wp-content\/uploads\/2025\/11\/2009-07-22-20.15.24.jpg?fit=1024%2C680&amp;ssl=1\" class=\"wp-block-cover__image-background wp-image-105 size-full\" alt=\"\" src=\"https:\/\/i0.wp.com\/boixmotos.com\/wp-content\/uploads\/2025\/11\/2009-07-22-20.15.24.jpg?resize=3216%2C2136&#038;ssl=1\" style=\"object-position:51% 0%\" data-object-fit=\"cover\" data-object-position=\"51% 0%\"\/><span aria-hidden=\"true\" class=\"wp-block-cover__background has-background-dim-0 has-background-dim\" style=\"background-color:#615956\"><\/span><div class=\"wp-block-cover__inner-container is-vertical is-content-justification-left is-nowrap is-layout-flex wp-container-core-cover-is-layout-5954834d wp-block-cover-is-layout-flex\">\n<div class=\"wp-block-group alignfull pointer-events-none is-style-default is-content-justification-center is-nowrap is-layout-flex wp-container-core-group-is-layout-78d44909 wp-block-group-is-layout-flex\" style=\"min-height:80vh;padding-bottom:var(--wp--preset--spacing--40)\">\n<div class=\"wp-block-group pointer-events-none has-global-padding is-content-justification-left is-layout-constrained wp-container-core-group-is-layout-40df6ac2 wp-block-group-is-layout-constrained\">\n<h2 class=\"wp-block-heading has-text-align-center\" style=\"border-style:none;border-width:0px;padding-right:var(--wp--preset--spacing--20);padding-left:var(--wp--preset--spacing--20);font-size:clamp(35.641px, 2.228rem + ((1vw - 3.2px) * 2.621), 65px);\">Pol\u00edtica de privacitat<\/h2>\n<\/div>\n<\/div>\n<\/div><\/div>\n\n\n\n<div class=\"wp-block-group alignwide is-vertical is-content-justification-left is-layout-flex wp-container-core-group-is-layout-2899da43 wp-block-group-is-layout-flex\" style=\"padding-top:var(--wp--preset--spacing--30);padding-right:0;padding-bottom:var(--wp--preset--spacing--30);padding-left:0\">\n<h3 class=\"wp-block-heading\">1. Informaci\u00f3 a l'usuari<\/h3>\n\n\n\n<p class=\"wp-block-paragraph\"><strong>BOIX MOTOS SL<\/strong>, com a Responsable del Tractament, l'informa que, de conformitat amb el Reglament (UE) 2016\/679 (RGPD) i la L.O. 3\/2018 (LOPDGDD), tractarem les seves dades tal com reflectim en la present Pol\u00edtica de Privacitat.<\/p>\n\n\n\n<h3 class=\"wp-block-heading\">2. Identificaci\u00f3 del Responsable<\/h3>\n\n\n\n<ul class=\"wp-block-list\">\n<li><strong>Ra\u00f3 Social:<\/strong> BOIX MOTOS SL (Societat Limitada Unipersonal)<\/li>\n\n\n\n<li><strong>CIF:<\/strong> B62374053<\/li>\n\n\n\n<li><strong>Adre\u00e7a:<\/strong> Carrer Federico Garc\u00eda Lorca, 1, 08291, Ripollet (Barcelona)<\/li>\n\n\n\n<li><strong>Tel\u00e8fon:<\/strong> 935910040<\/li>\n\n\n\n<li><strong>Email:<\/strong> boixmotos@boixmotos.com<\/li>\n\n\n\n<li><strong>Activitat:<\/strong> Venda, manteniment i reparaci\u00f3 de motocicletes i accessoris.<\/li>\n<\/ul>\n\n\n\n<h3 class=\"wp-block-heading\">3. Finalitat del tractament de les seves dades<\/h3>\n\n\n\n<p class=\"wp-block-paragraph\">A <strong>BOIX MOTOS SL<\/strong> tractem la informaci\u00f3 que ens faciliten les persones interessades amb les seg\u00fcents finalitats:<\/p>\n\n\n\n<ol start=\"1\" class=\"wp-block-list\">\n<li><strong>Gesti\u00f3 de consultes:<\/strong> Atendre les sol\u00b7licituds d'informaci\u00f3 rebudes a trav\u00e9s de la web.<\/li>\n\n\n\n<li><strong>Cita pr\u00e8via i Taller:<\/strong> Gestionar les cites per al manteniment i reparaci\u00f3 de motocicletes.<\/li>\n\n\n\n<li><strong>Gesti\u00f3 comercial:<\/strong> Enviar pressupostos de motos Zontes, accessoris o serveis de taller.<\/li>\n\n\n\n<li><strong>Obligacions legals:<\/strong> Complir amb les obligacions derivades de la venda i garantia de vehicles.<\/li>\n<\/ol>\n\n\n\n<h3 class=\"wp-block-heading\">4. Legitimaci\u00f3<\/h3>\n\n\n\n<p class=\"wp-block-paragraph\">La base legal per al tractament de les seves dades \u00e9s:<\/p>\n\n\n\n<ul class=\"wp-block-list\">\n<li>El <strong>consentiment<\/strong> de l'interessat en contactar amb nosaltres o enviar-nos les seves dades per formulari.<\/li>\n\n\n\n<li>La <strong>execuci\u00f3 d'un contracte<\/strong> o mesures precontractuals (pressupostos de taller o venda de motos).<\/li>\n\n\n\n<li>El compliment de <strong>obligacions legals<\/strong> (garanties oficials, facturaci\u00f3).<\/li>\n<\/ul>\n\n\n\n<h3 class=\"wp-block-heading\">5. Termini de conservaci\u00f3 de les dades<\/h3>\n\n\n\n<p class=\"wp-block-paragraph\">Es conservaran durant no m\u00e9s temps del necessari per a mantenir la fi del tractament o mentre existeixin prescripcions legals que dictin la seva cust\u00f2dia (generalment 6 anys per a documents comptables i 5 per a reclamacions civils).<\/p>\n\n\n\n<h3 class=\"wp-block-heading\">6. Destinataris i cessions<\/h3>\n\n\n\n<p class=\"wp-block-paragraph\">Les seves dades no es comunicaran a tercers, excepte obligaci\u00f3 legal. No obstant aix\u00f2, per a la gesti\u00f3 de garanties oficials o matriculacions, les seves dades podran ser comunicats als fabricants de vehicles (com Zontes) o a la Direcci\u00f3 General de Tr\u00e0nsit (DGT).<\/p>\n\n\n\n<h3 class=\"wp-block-heading\">7. Drets de l'usuari<\/h3>\n\n\n\n<p class=\"wp-block-paragraph\">Vost\u00e8 t\u00e9 dret a:<\/p>\n\n\n\n<ul class=\"wp-block-list\">\n<li>Accedir, rectificar o suprimir les seves dades.<\/li>\n\n\n\n<li>Limitar el seu tractament o oposar-se a aquest.<\/li>\n\n\n\n<li>Portabilitat de les dades.<\/li>\n\n\n\n<li>Retirar el consentiment en qualsevol moment.<\/li>\n<\/ul>\n\n\n\n<p class=\"has-medium-font-size wp-block-paragraph\" style=\"padding-right:0;padding-left:0\">Pot exercir aquests drets enviant un email a <strong>boixmotos@boixmotos.com<\/strong> adjuntant una fotoc\u00f2pia del seu DNI. Tamb\u00e9 t\u00e9 dret a presentar una reclamaci\u00f3 davant l'autoritat de control (www.aepd.es) si considera que el tractament no s'ajusta a la normativa vigent.<\/p>\n<\/div>","protected":false},"excerpt":{"rendered":"<p>1. Informaci\u00f3n al usuario BOIX MOTOS SL, como Responsable del Tratamiento, le informa de que, de conformidad con el Reglamento (UE) 2016\/679 (RGPD) y la L.O. 3\/2018 (LOPDGDD), trataremos sus datos tal y como reflejamos en la presente Pol\u00edtica de Privacidad. 2. Identificaci\u00f3n del Responsable 3. Finalidad del tratamiento de sus datos En BOIX MOTOS [&hellip;]<\/p>\n","protected":false},"author":273543304,"featured_media":0,"parent":0,"menu_order":0,"comment_status":"closed","ping_status":"closed","template":"","meta":{"_acf_changed":false,"_crdt_document":"","wpupg_custom_link":[],"wpupg_custom_link_behaviour":[],"wpupg_custom_link_nofollow":[],"wpupg_custom_image":[],"wpupg_custom_image_id":[],"footnotes":"","big_sky_generated":false},"class_list":["post-1658","page","type-page","status-publish","hentry"],"acf":[],"yoast_head":"<!-- This site is optimized with the Yoast SEO plugin v27.4 - https:\/\/yoast.com\/product\/yoast-seo-wordpress\/ -->\n<title>Pol\u00edtica de privacidad | Boix Motos<\/title>\n<meta name=\"robots\" content=\"index, follow, max-snippet:-1, max-image-preview:large, max-video-preview:-1\" \/>\n<link rel=\"canonical\" href=\"https:\/\/boixmotos.com\/ca\/politica-de-privacidad\/\" \/>\n<meta property=\"og:locale\" content=\"ca_ES\" \/>\n<meta property=\"og:type\" content=\"article\" \/>\n<meta property=\"og:title\" content=\"Pol\u00edtica de privacidad | Boix Motos\" \/>\n<meta property=\"og:description\" content=\"1. Informaci\u00f3n al usuario BOIX MOTOS SL, como Responsable del Tratamiento, le informa de que, de conformidad con el Reglamento (UE) 2016\/679 (RGPD) y la L.O. 3\/2018 (LOPDGDD), trataremos sus datos tal y como reflejamos en la presente Pol\u00edtica de Privacidad. 2. Identificaci\u00f3n del Responsable 3. Finalidad del tratamiento de sus datos En BOIX MOTOS [&hellip;]\" \/>\n<meta property=\"og:url\" content=\"https:\/\/boixmotos.com\/ca\/politica-de-privacidad\/\" \/>\n<meta property=\"og:site_name\" content=\"Boix Motos\" \/>\n<meta property=\"article:modified_time\" content=\"2026-01-17T10:57:47+00:00\" \/>\n<meta property=\"og:image\" content=\"https:\/\/boixmotos.com\/wp-content\/uploads\/2025\/11\/2009-07-22-20.15.24.jpg\" \/>\n<meta name=\"twitter:card\" content=\"summary_large_image\" \/>\n<meta name=\"twitter:label1\" content=\"Temps estimat de lectura\" \/>\n\t<meta name=\"twitter:data1\" content=\"2 minuts\" \/>\n<script type=\"application\/ld+json\" class=\"yoast-schema-graph\">{\"@context\":\"https:\\\/\\\/schema.org\",\"@graph\":[{\"@type\":\"WebPage\",\"@id\":\"https:\\\/\\\/boixmotos.com\\\/politica-de-privacidad\\\/\",\"url\":\"https:\\\/\\\/boixmotos.com\\\/politica-de-privacidad\\\/\",\"name\":\"Pol\u00edtica de privacidad | Boix Motos\",\"isPartOf\":{\"@id\":\"https:\\\/\\\/boixmotos.com\\\/#website\"},\"primaryImageOfPage\":{\"@id\":\"https:\\\/\\\/boixmotos.com\\\/politica-de-privacidad\\\/#primaryimage\"},\"image\":{\"@id\":\"https:\\\/\\\/boixmotos.com\\\/politica-de-privacidad\\\/#primaryimage\"},\"thumbnailUrl\":\"https:\\\/\\\/boixmotos.com\\\/wp-content\\\/uploads\\\/2025\\\/11\\\/2009-07-22-20.15.24.jpg\",\"datePublished\":\"2026-01-17T10:57:46+00:00\",\"dateModified\":\"2026-01-17T10:57:47+00:00\",\"breadcrumb\":{\"@id\":\"https:\\\/\\\/boixmotos.com\\\/politica-de-privacidad\\\/#breadcrumb\"},\"inLanguage\":\"ca\",\"potentialAction\":[{\"@type\":\"ReadAction\",\"target\":[\"https:\\\/\\\/boixmotos.com\\\/politica-de-privacidad\\\/\"]}]},{\"@type\":\"ImageObject\",\"inLanguage\":\"ca\",\"@id\":\"https:\\\/\\\/boixmotos.com\\\/politica-de-privacidad\\\/#primaryimage\",\"url\":\"https:\\\/\\\/boixmotos.com\\\/wp-content\\\/uploads\\\/2025\\\/11\\\/2009-07-22-20.15.24.jpg\",\"contentUrl\":\"https:\\\/\\\/boixmotos.com\\\/wp-content\\\/uploads\\\/2025\\\/11\\\/2009-07-22-20.15.24.jpg\"},{\"@type\":\"BreadcrumbList\",\"@id\":\"https:\\\/\\\/boixmotos.com\\\/politica-de-privacidad\\\/#breadcrumb\",\"itemListElement\":[{\"@type\":\"ListItem\",\"position\":1,\"name\":\"Portada\",\"item\":\"https:\\\/\\\/boixmotos.com\\\/\"},{\"@type\":\"ListItem\",\"position\":2,\"name\":\"Pol\u00edtica de privacidad\"}]},{\"@type\":\"WebSite\",\"@id\":\"https:\\\/\\\/boixmotos.com\\\/#website\",\"url\":\"https:\\\/\\\/boixmotos.com\\\/\",\"name\":\"Boix Motos\",\"description\":\"Taller especializado en reparaci\u00f3n y mantenimiento de motocicletas, ofreciendo servicios profesionales y personalizados para moteros de Barcelona.\",\"publisher\":{\"@id\":\"https:\\\/\\\/boixmotos.com\\\/#organization\"},\"potentialAction\":[{\"@type\":\"SearchAction\",\"target\":{\"@type\":\"EntryPoint\",\"urlTemplate\":\"https:\\\/\\\/boixmotos.com\\\/?s={search_term_string}\"},\"query-input\":{\"@type\":\"PropertyValueSpecification\",\"valueRequired\":true,\"valueName\":\"search_term_string\"}}],\"inLanguage\":\"ca\"},{\"@type\":\"Organization\",\"@id\":\"https:\\\/\\\/boixmotos.com\\\/#organization\",\"name\":\"Boix Motos SL\",\"url\":\"https:\\\/\\\/boixmotos.com\\\/\",\"logo\":{\"@type\":\"ImageObject\",\"inLanguage\":\"ca\",\"@id\":\"https:\\\/\\\/boixmotos.com\\\/#\\\/schema\\\/logo\\\/image\\\/\",\"url\":\"https:\\\/\\\/i0.wp.com\\\/boixmotos.com\\\/wp-content\\\/uploads\\\/2025\\\/11\\\/2006-07-11-19.51.00.jpg?fit=1975%2C1480&ssl=1\",\"contentUrl\":\"https:\\\/\\\/i0.wp.com\\\/boixmotos.com\\\/wp-content\\\/uploads\\\/2025\\\/11\\\/2006-07-11-19.51.00.jpg?fit=1975%2C1480&ssl=1\",\"width\":1975,\"height\":1480,\"caption\":\"Boix Motos SL\"},\"image\":{\"@id\":\"https:\\\/\\\/boixmotos.com\\\/#\\\/schema\\\/logo\\\/image\\\/\"},\"sameAs\":[\"https:\\\/\\\/www.instagram.com\\\/boix_motos\\\/\"]}]}<\/script>\n<!-- \/ Yoast SEO plugin. -->","yoast_head_json":{"title":"Pol\u00edtica de privacidad | Boix Motos","robots":{"index":"index","follow":"follow","max-snippet":"max-snippet:-1","max-image-preview":"max-image-preview:large","max-video-preview":"max-video-preview:-1"},"canonical":"https:\/\/boixmotos.com\/ca\/politica-de-privacidad\/","og_locale":"ca_ES","og_type":"article","og_title":"Pol\u00edtica de privacidad | Boix Motos","og_description":"1. Informaci\u00f3n al usuario BOIX MOTOS SL, como Responsable del Tratamiento, le informa de que, de conformidad con el Reglamento (UE) 2016\/679 (RGPD) y la L.O. 3\/2018 (LOPDGDD), trataremos sus datos tal y como reflejamos en la presente Pol\u00edtica de Privacidad. 2. Identificaci\u00f3n del Responsable 3. Finalidad del tratamiento de sus datos En BOIX MOTOS [&hellip;]","og_url":"https:\/\/boixmotos.com\/ca\/politica-de-privacidad\/","og_site_name":"Boix Motos","article_modified_time":"2026-01-17T10:57:47+00:00","og_image":[{"url":"https:\/\/boixmotos.com\/wp-content\/uploads\/2025\/11\/2009-07-22-20.15.24.jpg","type":"","width":"","height":""}],"twitter_card":"summary_large_image","twitter_misc":{"Temps estimat de lectura":"2 minuts"},"schema":{"@context":"https:\/\/schema.org","@graph":[{"@type":"WebPage","@id":"https:\/\/boixmotos.com\/politica-de-privacidad\/","url":"https:\/\/boixmotos.com\/politica-de-privacidad\/","name":"Pol\u00edtica de privacidad | Boix Motos","isPartOf":{"@id":"https:\/\/boixmotos.com\/#website"},"primaryImageOfPage":{"@id":"https:\/\/boixmotos.com\/politica-de-privacidad\/#primaryimage"},"image":{"@id":"https:\/\/boixmotos.com\/politica-de-privacidad\/#primaryimage"},"thumbnailUrl":"https:\/\/boixmotos.com\/wp-content\/uploads\/2025\/11\/2009-07-22-20.15.24.jpg","datePublished":"2026-01-17T10:57:46+00:00","dateModified":"2026-01-17T10:57:47+00:00","breadcrumb":{"@id":"https:\/\/boixmotos.com\/politica-de-privacidad\/#breadcrumb"},"inLanguage":"ca","potentialAction":[{"@type":"ReadAction","target":["https:\/\/boixmotos.com\/politica-de-privacidad\/"]}]},{"@type":"ImageObject","inLanguage":"ca","@id":"https:\/\/boixmotos.com\/politica-de-privacidad\/#primaryimage","url":"https:\/\/boixmotos.com\/wp-content\/uploads\/2025\/11\/2009-07-22-20.15.24.jpg","contentUrl":"https:\/\/boixmotos.com\/wp-content\/uploads\/2025\/11\/2009-07-22-20.15.24.jpg"},{"@type":"BreadcrumbList","@id":"https:\/\/boixmotos.com\/politica-de-privacidad\/#breadcrumb","itemListElement":[{"@type":"ListItem","position":1,"name":"Portada","item":"https:\/\/boixmotos.com\/"},{"@type":"ListItem","position":2,"name":"Pol\u00edtica de privacidad"}]},{"@type":"WebSite","@id":"https:\/\/boixmotos.com\/#website","url":"https:\/\/boixmotos.com\/","name":"Boix Motos","description":"Taller especializado en reparaci\u00f3n y mantenimiento de motocicletas, ofreciendo servicios profesionales y personalizados para moteros de Barcelona.","publisher":{"@id":"https:\/\/boixmotos.com\/#organization"},"potentialAction":[{"@type":"SearchAction","target":{"@type":"EntryPoint","urlTemplate":"https:\/\/boixmotos.com\/?s={search_term_string}"},"query-input":{"@type":"PropertyValueSpecification","valueRequired":true,"valueName":"search_term_string"}}],"inLanguage":"ca"},{"@type":"Organization","@id":"https:\/\/boixmotos.com\/#organization","name":"Boix Motos SL","url":"https:\/\/boixmotos.com\/","logo":{"@type":"ImageObject","inLanguage":"ca","@id":"https:\/\/boixmotos.com\/#\/schema\/logo\/image\/","url":"https:\/\/i0.wp.com\/boixmotos.com\/wp-content\/uploads\/2025\/11\/2006-07-11-19.51.00.jpg?fit=1975%2C1480&ssl=1","contentUrl":"https:\/\/i0.wp.com\/boixmotos.com\/wp-content\/uploads\/2025\/11\/2006-07-11-19.51.00.jpg?fit=1975%2C1480&ssl=1","width":1975,"height":1480,"caption":"Boix Motos SL"},"image":{"@id":"https:\/\/boixmotos.com\/#\/schema\/logo\/image\/"},"sameAs":["https:\/\/www.instagram.com\/boix_motos\/"]}]}},"jetpack_likes_enabled":true,"jetpack_sharing_enabled":true,"jetpack_shortlink":"https:\/\/wp.me\/PgUL87-qK","_links":{"self":[{"href":"https:\/\/boixmotos.com\/ca\/wp-json\/wp\/v2\/pages\/1658","targetHints":{"allow":["GET"]}}],"collection":[{"href":"https:\/\/boixmotos.com\/ca\/wp-json\/wp\/v2\/pages"}],"about":[{"href":"https:\/\/boixmotos.com\/ca\/wp-json\/wp\/v2\/types\/page"}],"author":[{"embeddable":true,"href":"https:\/\/boixmotos.com\/ca\/wp-json\/wp\/v2\/users\/273543304"}],"replies":[{"embeddable":true,"href":"https:\/\/boixmotos.com\/ca\/wp-json\/wp\/v2\/comments?post=1658"}],"version-history":[{"count":5,"href":"https:\/\/boixmotos.com\/ca\/wp-json\/wp\/v2\/pages\/1658\/revisions"}],"predecessor-version":[{"id":1663,"href":"https:\/\/boixmotos.com\/ca\/wp-json\/wp\/v2\/pages\/1658\/revisions\/1663"}],"wp:attachment":[{"href":"https:\/\/boixmotos.com\/ca\/wp-json\/wp\/v2\/media?parent=1658"}],"curies":[{"name":"wp","href":"https:\/\/api.w.org\/{rel}","templated":true}]}}